{"id":11969,"date":"2023-05-11T14:52:42","date_gmt":"2023-05-11T12:52:42","guid":{"rendered":"https:\/\/www.klet-krsko.si\/osebna-izkaznica\/"},"modified":"2024-09-02T14:02:54","modified_gmt":"2024-09-02T12:02:54","slug":"company-profile","status":"publish","type":"page","link":"https:\/\/www.klet-krsko.si\/en\/company-profile\/","title":{"rendered":"Company profile"},"content":{"rendered":"\t\t<div data-elementor-type=\"wp-page\" data-elementor-id=\"11969\" class=\"elementor elementor-11969 elementor-3494\" data-elementor-post-type=\"page\">\n\t\t\t\t<div class=\"elementor-element elementor-element-24752d0 e-con-full e-flex e-con e-parent\" data-id=\"24752d0\" data-element_type=\"container\">\n\t\t<div class=\"elementor-element elementor-element-83b2a30 e-con-full e-flex e-con e-child\" data-id=\"83b2a30\" data-element_type=\"container\" data-settings=\"{&quot;background_background&quot;:&quot;classic&quot;}\">\n\t\t\t\t<div class=\"elementor-element elementor-element-8f7e19b elementor-widget elementor-widget-heading\" data-id=\"8f7e19b\" data-element_type=\"widget\" data-widget_type=\"heading.default\">\n\t\t\t\t<div class=\"elementor-widget-container\">\n\t\t\t\t\t<h1 class=\"elementor-heading-title elementor-size-default\">Basic information<\/h1>\t\t\t\t<\/div>\n\t\t\t\t<\/div>\n\t\t<div class=\"elementor-element elementor-element-fd2ace1 e-flex e-con-boxed e-con e-child\" data-id=\"fd2ace1\" data-element_type=\"container\">\n\t\t\t\t\t<div class=\"e-con-inner\">\n\t\t<div class=\"elementor-element elementor-element-ffa535d custom-link box-shadow e-flex e-con-boxed e-con e-child\" data-id=\"ffa535d\" data-element_type=\"container\" data-settings=\"{&quot;background_background&quot;:&quot;classic&quot;}\">\n\t\t\t\t\t<div class=\"e-con-inner\">\n\t\t\t\t<div class=\"elementor-element elementor-element-c9850f0 elementor-absolute elementor-hidden-widescreen elementor-hidden-desktop elementor-hidden-tablet elementor-hidden-mobile elementor-widget elementor-widget-image\" data-id=\"c9850f0\" data-element_type=\"widget\" data-settings=\"{&quot;_position&quot;:&quot;absolute&quot;}\" data-widget_type=\"image.default\">\n\t\t\t\t<div class=\"elementor-widget-container\">\n\t\t\t\t\t\t\t\t\t\t\t\t\t\t\t<img fetchpriority=\"high\" decoding=\"async\" width=\"300\" height=\"300\" src=\"https:\/\/www.klet-krsko.si\/wp-content\/uploads\/2023\/05\/Klet-Krsko-osnovni-podatki-logo.png\" class=\"attachment-full size-full wp-image-6959\" alt=\"\" srcset=\"https:\/\/www.klet-krsko.si\/wp-content\/uploads\/2023\/05\/Klet-Krsko-osnovni-podatki-logo.png 300w, https:\/\/www.klet-krsko.si\/wp-content\/uploads\/2023\/05\/Klet-Krsko-osnovni-podatki-logo-150x150.png 150w, https:\/\/www.klet-krsko.si\/wp-content\/uploads\/2023\/05\/Klet-Krsko-osnovni-podatki-logo-100x100.png 100w\" sizes=\"(max-width: 300px) 100vw, 300px\" \/>\t\t\t\t\t\t\t\t\t\t\t\t\t\t\t<\/div>\n\t\t\t\t<\/div>\n\t\t\t\t<div class=\"elementor-element elementor-element-59f0d35 elementor-widget-mobile__width-initial elementor-widget elementor-widget-heading\" data-id=\"59f0d35\" data-element_type=\"widget\" data-widget_type=\"heading.default\">\n\t\t\t\t<div class=\"elementor-widget-container\">\n\t\t\t\t\t<h2 class=\"elementor-heading-title elementor-size-default\">Kme\u010dka zadruga Kr\u0161ko, z. o. o.<\/h2>\t\t\t\t<\/div>\n\t\t\t\t<\/div>\n\t\t\t\t<div class=\"elementor-element elementor-element-8f5b32a custom-link elementor-widget elementor-widget-text-editor\" data-id=\"8f5b32a\" data-element_type=\"widget\" data-widget_type=\"text-editor.default\">\n\t\t\t\t<div class=\"elementor-widget-container\">\n\t\t\t\t\t\t\t\t\t<p><a href=\"https:\/\/goo.gl\/maps\/AE9dUyTSPkUvhMdN9\" target=\"_blank\" rel=\"noopener\">Rostoharjeva ul. 88<br \/>8270 Kr\u0161ko<br \/>Slovenija<\/a><\/p>\t\t\t\t\t\t\t\t<\/div>\n\t\t\t\t<\/div>\n\t\t\t\t<div class=\"elementor-element elementor-element-45cf53a elementor-widget elementor-widget-heading\" data-id=\"45cf53a\" data-element_type=\"widget\" data-widget_type=\"heading.default\">\n\t\t\t\t<div class=\"elementor-widget-container\">\n\t\t\t\t\t<p class=\"elementor-heading-title elementor-size-default\"><a href=\"tel:+38674882500\">tel: +386 (0)7 48 82 500<\/a><\/p>\t\t\t\t<\/div>\n\t\t\t\t<\/div>\n\t\t\t\t<div class=\"elementor-element elementor-element-ac63c03 elementor-widget elementor-widget-heading\" data-id=\"ac63c03\" data-element_type=\"widget\" data-widget_type=\"heading.default\">\n\t\t\t\t<div class=\"elementor-widget-container\">\n\t\t\t\t\t<p class=\"elementor-heading-title elementor-size-default\"><a href=\"tel:+38674882515\"><span style=\"font-weight:500\">fax:<\/span> +386 (0)7 48 82 515<\/a><\/p>\t\t\t\t<\/div>\n\t\t\t\t<\/div>\n\t\t\t\t<div class=\"elementor-element elementor-element-ec0418b elementor-widget elementor-widget-heading\" data-id=\"ec0418b\" data-element_type=\"widget\" data-widget_type=\"heading.default\">\n\t\t\t\t<div class=\"elementor-widget-container\">\n\t\t\t\t\t<p class=\"elementor-heading-title elementor-size-default\"><a href=\"mailto:info@klet-krsko.si\"><span style=\"font-weight:500\">email: <\/span><u>info@klet-krsko.si<\/u><\/a><\/p>\t\t\t\t<\/div>\n\t\t\t\t<\/div>\n\t\t\t\t<div class=\"elementor-element elementor-element-4531db1 elementor-widget elementor-widget-text-editor\" data-id=\"4531db1\" data-element_type=\"widget\" data-widget_type=\"text-editor.default\">\n\t\t\t\t<div class=\"elementor-widget-container\">\n\t\t\t\t\t\t\t\t\t<p><span style=\"font-weight: 500;\">Tax number:<\/span> SI35838370<br \/><span style=\"font-weight: 500;\">IBAN:<\/span> SI56 0400 0027 9186 602<\/p><div style=\"font-size: 12px; margin-top: -19px;\">(OTP, d. d.)<\/div>\t\t\t\t\t\t\t\t<\/div>\n\t\t\t\t<\/div>\n\t\t\t\t\t<\/div>\n\t\t\t\t<\/div>\n\t\t\t\t\t<\/div>\n\t\t\t\t<\/div>\n\t\t\t\t<\/div>\n\t\t<div class=\"elementor-element elementor-element-81a97e2 e-con-full e-flex e-con e-child\" data-id=\"81a97e2\" data-element_type=\"container\">\n\t\t\t\t<div class=\"elementor-element elementor-element-f9f1df6 elementor-widget elementor-widget-heading\" data-id=\"f9f1df6\" data-element_type=\"widget\" data-widget_type=\"heading.default\">\n\t\t\t\t<div class=\"elementor-widget-container\">\n\t\t\t\t\t<h3 class=\"elementor-heading-title elementor-size-default\">Contact details<\/h3>\t\t\t\t<\/div>\n\t\t\t\t<\/div>\n\t\t<div class=\"elementor-element elementor-element-4307487 e-flex e-con-boxed e-con e-child\" data-id=\"4307487\" data-element_type=\"container\">\n\t\t\t\t\t<div class=\"e-con-inner\">\n\t\t<div class=\"elementor-element elementor-element-4aa41be e-con-full e-flex e-con e-child\" data-id=\"4aa41be\" data-element_type=\"container\">\n\t\t\t\t<div class=\"elementor-element elementor-element-e49785d elementor-widget elementor-widget-heading\" data-id=\"e49785d\" data-element_type=\"widget\" data-widget_type=\"heading.default\">\n\t\t\t\t<div class=\"elementor-widget-container\">\n\t\t\t\t\t<h4 class=\"elementor-heading-title elementor-size-default\">Director and oenologist<\/h4>\t\t\t\t<\/div>\n\t\t\t\t<\/div>\n\t\t\t\t<div class=\"elementor-element elementor-element-b548fc3 elementor-widget elementor-widget-heading\" data-id=\"b548fc3\" data-element_type=\"widget\" data-widget_type=\"heading.default\">\n\t\t\t\t<div class=\"elementor-widget-container\">\n\t\t\t\t\t<p class=\"elementor-heading-title elementor-size-default\">Jure Grubar<\/p>\t\t\t\t<\/div>\n\t\t\t\t<\/div>\n\t\t\t\t<div class=\"elementor-element elementor-element-18eb629 custom-link elementor-widget elementor-widget-text-editor\" data-id=\"18eb629\" data-element_type=\"widget\" data-widget_type=\"text-editor.default\">\n\t\t\t\t<div class=\"elementor-widget-container\">\n\t\t\t\t\t\t\t\t\t<p>t: <a href=\"tel:074882506\">07 48 82 506<\/a><br \/>e: <a href=\"mailto:jure.grubar@kz-krsko.si\">jure.grubar@kz-krsko.si<\/a><\/p>\t\t\t\t\t\t\t\t<\/div>\n\t\t\t\t<\/div>\n\t\t\t\t<\/div>\n\t\t<div class=\"elementor-element elementor-element-9d43be6 e-con-full e-flex e-con e-child\" data-id=\"9d43be6\" data-element_type=\"container\">\n\t\t\t\t<div class=\"elementor-element elementor-element-a2452c4 elementor-widget elementor-widget-heading\" data-id=\"a2452c4\" data-element_type=\"widget\" data-widget_type=\"heading.default\">\n\t\t\t\t<div class=\"elementor-widget-container\">\n\t\t\t\t\t<h4 class=\"elementor-heading-title elementor-size-default\">Sales<\/h4>\t\t\t\t<\/div>\n\t\t\t\t<\/div>\n\t\t\t\t<div class=\"elementor-element elementor-element-52d88ee elementor-widget elementor-widget-heading\" data-id=\"52d88ee\" data-element_type=\"widget\" data-widget_type=\"heading.default\">\n\t\t\t\t<div class=\"elementor-widget-container\">\n\t\t\t\t\t<p class=\"elementor-heading-title elementor-size-default\">Tja\u0161a Metelko<\/p>\t\t\t\t<\/div>\n\t\t\t\t<\/div>\n\t\t\t\t<div class=\"elementor-element elementor-element-f93bed1 custom-link elementor-widget elementor-widget-text-editor\" data-id=\"f93bed1\" data-element_type=\"widget\" data-widget_type=\"text-editor.default\">\n\t\t\t\t<div class=\"elementor-widget-container\">\n\t\t\t\t\t\t\t\t\t<p>t: <a href=\"tel:074882504\">07 48 82 504<\/a><br \/>e: <a href=\"mailto:tjasa.metelko@kz-krsko.si\">tjasa.metelko@kz-krsko.si<\/a><\/p>\t\t\t\t\t\t\t\t<\/div>\n\t\t\t\t<\/div>\n\t\t\t\t<\/div>\n\t\t<div class=\"elementor-element elementor-element-9022447 e-con-full e-flex e-con e-child\" data-id=\"9022447\" data-element_type=\"container\">\n\t\t\t\t<div class=\"elementor-element elementor-element-11d9c8f elementor-widget elementor-widget-heading\" data-id=\"11d9c8f\" data-element_type=\"widget\" data-widget_type=\"heading.default\">\n\t\t\t\t<div class=\"elementor-widget-container\">\n\t\t\t\t\t<h4 class=\"elementor-heading-title elementor-size-default\">Cellar manager<\/h4>\t\t\t\t<\/div>\n\t\t\t\t<\/div>\n\t\t\t\t<div class=\"elementor-element elementor-element-787f4df elementor-widget elementor-widget-heading\" data-id=\"787f4df\" data-element_type=\"widget\" data-widget_type=\"heading.default\">\n\t\t\t\t<div class=\"elementor-widget-container\">\n\t\t\t\t\t<p class=\"elementor-heading-title elementor-size-default\">Rok Dvojmo\u010d<\/p>\t\t\t\t<\/div>\n\t\t\t\t<\/div>\n\t\t\t\t<div class=\"elementor-element elementor-element-f448ff3 custom-link elementor-widget elementor-widget-text-editor\" data-id=\"f448ff3\" data-element_type=\"widget\" data-widget_type=\"text-editor.default\">\n\t\t\t\t<div class=\"elementor-widget-container\">\n\t\t\t\t\t\t\t\t\t<p>t: <a href=\"tel:074882512\">07 48 82 512<\/a><br \/>m: <a href=\"tel:031226820\">031226820<\/a><br \/>e: <a href=\"mailto:rok.dvojmoc@kz-krsko.si\">rok.dvojmoc@kz-krsko.si<\/a><\/p>\t\t\t\t\t\t\t\t<\/div>\n\t\t\t\t<\/div>\n\t\t\t\t<\/div>\n\t\t<div class=\"elementor-element elementor-element-736a9ff e-con-full e-flex e-con e-child\" data-id=\"736a9ff\" data-element_type=\"container\">\n\t\t\t\t<div class=\"elementor-element elementor-element-3b7c877 elementor-widget elementor-widget-heading\" data-id=\"3b7c877\" data-element_type=\"widget\" data-widget_type=\"heading.default\">\n\t\t\t\t<div class=\"elementor-widget-container\">\n\t\t\t\t\t<h4 class=\"elementor-heading-title elementor-size-default\">General financial service<\/h4>\t\t\t\t<\/div>\n\t\t\t\t<\/div>\n\t\t\t\t<div class=\"elementor-element elementor-element-96eac3b elementor-widget elementor-widget-heading\" data-id=\"96eac3b\" data-element_type=\"widget\" data-widget_type=\"heading.default\">\n\t\t\t\t<div class=\"elementor-widget-container\">\n\t\t\t\t\t<p class=\"elementor-heading-title elementor-size-default\">Sabina Hotko<\/p>\t\t\t\t<\/div>\n\t\t\t\t<\/div>\n\t\t\t\t<div class=\"elementor-element elementor-element-7a47dba custom-link elementor-widget elementor-widget-text-editor\" data-id=\"7a47dba\" data-element_type=\"widget\" data-widget_type=\"text-editor.default\">\n\t\t\t\t<div class=\"elementor-widget-container\">\n\t\t\t\t\t\t\t\t\t<p>t: <a href=\"tel:074882502\">07 48 82 502<\/a><br \/>e: <a href=\"mailto:sabina.hotko@kz-krsko.si\">sabina.hotko@kz-krsko.si<\/a><\/p>\t\t\t\t\t\t\t\t<\/div>\n\t\t\t\t<\/div>\n\t\t\t\t<\/div>\n\t\t<div class=\"elementor-element elementor-element-69ca350 e-con-full e-flex e-con e-child\" data-id=\"69ca350\" data-element_type=\"container\">\n\t\t\t\t<div class=\"elementor-element elementor-element-a826ed7 elementor-widget elementor-widget-heading\" data-id=\"a826ed7\" data-element_type=\"widget\" data-widget_type=\"heading.default\">\n\t\t\t\t<div class=\"elementor-widget-container\">\n\t\t\t\t\t<h4 class=\"elementor-heading-title elementor-size-default\">Material accounting<\/h4>\t\t\t\t<\/div>\n\t\t\t\t<\/div>\n\t\t\t\t<div class=\"elementor-element elementor-element-d0d25c2 elementor-widget elementor-widget-heading\" data-id=\"d0d25c2\" data-element_type=\"widget\" data-widget_type=\"heading.default\">\n\t\t\t\t<div class=\"elementor-widget-container\">\n\t\t\t\t\t<p class=\"elementor-heading-title elementor-size-default\">Janja Rogelj<\/p>\t\t\t\t<\/div>\n\t\t\t\t<\/div>\n\t\t\t\t<div class=\"elementor-element elementor-element-1ac22ec custom-link elementor-widget elementor-widget-text-editor\" data-id=\"1ac22ec\" data-element_type=\"widget\" data-widget_type=\"text-editor.default\">\n\t\t\t\t<div class=\"elementor-widget-container\">\n\t\t\t\t\t\t\t\t\t<p>t: <a href=\"tel:074882517\">07 48 82 517<\/a><br \/>e: <a href=\"mailto:janja.rogelj@kz-krsko.si\">janja.rogelj@kz-krsko.si<\/a><\/p>\t\t\t\t\t\t\t\t<\/div>\n\t\t\t\t<\/div>\n\t\t\t\t<\/div>\n\t\t<div class=\"elementor-element elementor-element-693f2f4 e-con-full e-flex e-con e-child\" data-id=\"693f2f4\" data-element_type=\"container\">\n\t\t\t\t<div class=\"elementor-element elementor-element-d011df4 elementor-widget elementor-widget-heading\" data-id=\"d011df4\" data-element_type=\"widget\" data-widget_type=\"heading.default\">\n\t\t\t\t<div class=\"elementor-widget-container\">\n\t\t\t\t\t<h4 class=\"elementor-heading-title elementor-size-default\">Laboratory, collection of grapes<\/h4>\t\t\t\t<\/div>\n\t\t\t\t<\/div>\n\t\t\t\t<div class=\"elementor-element elementor-element-816ca07 elementor-widget elementor-widget-heading\" data-id=\"816ca07\" data-element_type=\"widget\" data-widget_type=\"heading.default\">\n\t\t\t\t<div class=\"elementor-widget-container\">\n\t\t\t\t\t<p class=\"elementor-heading-title elementor-size-default\">Stanka Rebselj<\/p>\t\t\t\t<\/div>\n\t\t\t\t<\/div>\n\t\t\t\t<div class=\"elementor-element elementor-element-4eb2823 custom-link elementor-widget elementor-widget-text-editor\" data-id=\"4eb2823\" data-element_type=\"widget\" data-widget_type=\"text-editor.default\">\n\t\t\t\t<div class=\"elementor-widget-container\">\n\t\t\t\t\t\t\t\t\t<p>t: <a href=\"tel:074882508\">07 48 82 508<\/a><br \/>e: <a href=\"mailto:stanka.rebselj@kz-krsko.si\">stanka.rebselj@kz-krsko.si<\/a><\/p>\t\t\t\t\t\t\t\t<\/div>\n\t\t\t\t<\/div>\n\t\t\t\t<\/div>\n\t\t<div class=\"elementor-element elementor-element-e565a05 e-con-full e-flex e-con e-child\" data-id=\"e565a05\" data-element_type=\"container\">\n\t\t\t\t<div class=\"elementor-element elementor-element-4bb79dc elementor-widget elementor-widget-heading\" data-id=\"4bb79dc\" data-element_type=\"widget\" data-widget_type=\"heading.default\">\n\t\t\t\t<div class=\"elementor-widget-container\">\n\t\t\t\t\t<h4 class=\"elementor-heading-title elementor-size-default\">Orders and delivery<\/h4>\t\t\t\t<\/div>\n\t\t\t\t<\/div>\n\t\t\t\t<div class=\"elementor-element elementor-element-072c6d5 elementor-widget elementor-widget-heading\" data-id=\"072c6d5\" data-element_type=\"widget\" data-widget_type=\"heading.default\">\n\t\t\t\t<div class=\"elementor-widget-container\">\n\t\t\t\t\t<p class=\"elementor-heading-title elementor-size-default\">Stanka Rebselj<\/p>\t\t\t\t<\/div>\n\t\t\t\t<\/div>\n\t\t\t\t<div class=\"elementor-element elementor-element-f733c17 custom-link elementor-widget elementor-widget-text-editor\" data-id=\"f733c17\" data-element_type=\"widget\" data-widget_type=\"text-editor.default\">\n\t\t\t\t<div class=\"elementor-widget-container\">\n\t\t\t\t\t\t\t\t\t<p>t: <a href=\"tel:074882513\">07 48 82 513<\/a><br \/>e: <a href=\"mailto:narocila@klet-krsko.si\">narocila@klet-krsko.si<\/a><\/p>\t\t\t\t\t\t\t\t<\/div>\n\t\t\t\t<\/div>\n\t\t\t\t<\/div>\n\t\t<div class=\"elementor-element elementor-element-379b798 e-con-full e-flex e-con e-child\" data-id=\"379b798\" data-element_type=\"container\">\n\t\t\t\t<div class=\"elementor-element elementor-element-2a29e5d elementor-widget elementor-widget-heading\" data-id=\"2a29e5d\" data-element_type=\"widget\" data-widget_type=\"heading.default\">\n\t\t\t\t<div class=\"elementor-widget-container\">\n\t\t\t\t\t<h4 class=\"elementor-heading-title elementor-size-default\">Leskovec store, manager<\/h4>\t\t\t\t<\/div>\n\t\t\t\t<\/div>\n\t\t\t\t<div class=\"elementor-element elementor-element-4bac1ca elementor-widget elementor-widget-heading\" data-id=\"4bac1ca\" data-element_type=\"widget\" data-widget_type=\"heading.default\">\n\t\t\t\t<div class=\"elementor-widget-container\">\n\t\t\t\t\t<p class=\"elementor-heading-title elementor-size-default\">Katja Miklav\u010di\u010d<\/p>\t\t\t\t<\/div>\n\t\t\t\t<\/div>\n\t\t\t\t<div class=\"elementor-element elementor-element-f15a932 custom-link elementor-widget elementor-widget-text-editor\" data-id=\"f15a932\" data-element_type=\"widget\" data-widget_type=\"text-editor.default\">\n\t\t\t\t<div class=\"elementor-widget-container\">\n\t\t\t\t\t\t\t\t\t<p>t: <a href=\"tel:074922664\">07 49 22 664<\/a><br \/>e: <a href=\"mailto:katja.miklavcic@kz-krsko.si\">katja.miklavcic@kz-krsko.si<\/a><\/p>\t\t\t\t\t\t\t\t<\/div>\n\t\t\t\t<\/div>\n\t\t\t\t<\/div>\n\t\t<div class=\"elementor-element elementor-element-ec83a6a e-con-full e-flex e-con e-child\" data-id=\"ec83a6a\" data-element_type=\"container\">\n\t\t\t\t<div class=\"elementor-element elementor-element-f02c77d elementor-widget elementor-widget-heading\" data-id=\"f02c77d\" data-element_type=\"widget\" data-widget_type=\"heading.default\">\n\t\t\t\t<div class=\"elementor-widget-container\">\n\t\t\t\t\t<h4 class=\"elementor-heading-title elementor-size-default\">Marketing<\/h4>\t\t\t\t<\/div>\n\t\t\t\t<\/div>\n\t\t\t\t<div class=\"elementor-element elementor-element-0055ee3 elementor-widget elementor-widget-heading\" data-id=\"0055ee3\" data-element_type=\"widget\" data-widget_type=\"heading.default\">\n\t\t\t\t<div class=\"elementor-widget-container\">\n\t\t\t\t\t<p class=\"elementor-heading-title elementor-size-default\">Mojca Kranjec\n<\/p>\t\t\t\t<\/div>\n\t\t\t\t<\/div>\n\t\t\t\t<div class=\"elementor-element elementor-element-f1ff560 custom-link elementor-widget elementor-widget-text-editor\" data-id=\"f1ff560\" data-element_type=\"widget\" data-widget_type=\"text-editor.default\">\n\t\t\t\t<div class=\"elementor-widget-container\">\n\t\t\t\t\t\t\t\t\t<p>t: <a href=\"tel:07 48 82 510 \">07 48 82 510<\/a><br \/>e: <a href=\"mailto:mojca.kranjec@kz-krsko.si \">mojca.kranjec@kz-krsko.si<br \/><\/a><\/p>\t\t\t\t\t\t\t\t<\/div>\n\t\t\t\t<\/div>\n\t\t\t\t<\/div>\n\t\t<div class=\"elementor-element elementor-element-f8cc181 e-con-full e-flex e-con e-child\" data-id=\"f8cc181\" data-element_type=\"container\">\n\t\t\t\t<div class=\"elementor-element elementor-element-978a0b3 elementor-widget elementor-widget-heading\" data-id=\"978a0b3\" data-element_type=\"widget\" data-widget_type=\"heading.default\">\n\t\t\t\t<div class=\"elementor-widget-container\">\n\t\t\t\t\t<h4 class=\"elementor-heading-title elementor-size-default\">Vineyard manager<\/h4>\t\t\t\t<\/div>\n\t\t\t\t<\/div>\n\t\t\t\t<div class=\"elementor-element elementor-element-04cdd6d elementor-widget elementor-widget-heading\" data-id=\"04cdd6d\" data-element_type=\"widget\" data-widget_type=\"heading.default\">\n\t\t\t\t<div class=\"elementor-widget-container\">\n\t\t\t\t\t<p class=\"elementor-heading-title elementor-size-default\">Ga\u0161per Rep\u0161e<\/p>\t\t\t\t<\/div>\n\t\t\t\t<\/div>\n\t\t\t\t<div class=\"elementor-element elementor-element-33400f4 custom-link elementor-widget elementor-widget-text-editor\" data-id=\"33400f4\" data-element_type=\"widget\" data-widget_type=\"text-editor.default\">\n\t\t\t\t<div class=\"elementor-widget-container\">\n\t\t\t\t\t\t\t\t\t\ne: <a href=\"mailto: gasper.repse@kz-krsko.si\">gasper.repse@kz-krsko.si <\/a>\t\t\t\t\t\t\t\t<\/div>\n\t\t\t\t<\/div>\n\t\t\t\t<\/div>\n\t\t<div class=\"elementor-element elementor-element-f343bd8 e-con-full e-flex e-con e-child\" data-id=\"f343bd8\" data-element_type=\"container\">\n\t\t\t\t<\/div>\n\t\t\t\t\t<\/div>\n\t\t\t\t<\/div>\n\t\t\t\t<\/div>\n\t\t<div class=\"elementor-element elementor-element-bd38da3 e-flex e-con-boxed e-con e-child\" data-id=\"bd38da3\" data-element_type=\"container\" data-settings=\"{&quot;background_background&quot;:&quot;classic&quot;}\">\n\t\t\t\t\t<div class=\"e-con-inner\">\n\t\t\t\t<div class=\"elementor-element elementor-element-8aa1cbd elementor-widget elementor-widget-heading\" data-id=\"8aa1cbd\" data-element_type=\"widget\" data-widget_type=\"heading.default\">\n\t\t\t\t<div class=\"elementor-widget-container\">\n\t\t\t\t\t<h5 class=\"elementor-heading-title elementor-size-default\">Send us a message<\/h5>\t\t\t\t<\/div>\n\t\t\t\t<\/div>\n\t\t\t\t<div class=\"elementor-element elementor-element-a791cbc contact-form elementor-button-align-stretch elementor-widget elementor-widget-form\" data-id=\"a791cbc\" data-element_type=\"widget\" data-settings=\"{&quot;button_width&quot;:&quot;25&quot;,&quot;button_width_tablet&quot;:&quot;30&quot;,&quot;step_next_label&quot;:&quot;Next&quot;,&quot;step_previous_label&quot;:&quot;Previous&quot;,&quot;step_type&quot;:&quot;number_text&quot;,&quot;step_icon_shape&quot;:&quot;circle&quot;}\" data-widget_type=\"form.default\">\n\t\t\t\t<div class=\"elementor-widget-container\">\n\t\t\t\t\t\t\t<form class=\"elementor-form\" method=\"post\" name=\"New Form\" aria-label=\"New Form\">\n\t\t\t<input type=\"hidden\" name=\"post_id\" value=\"11969\"\/>\n\t\t\t<input type=\"hidden\" name=\"form_id\" value=\"a791cbc\"\/>\n\t\t\t<input type=\"hidden\" name=\"referer_title\" value=\"Company profile | Klet Kr\u0161ko\" \/>\n\n\t\t\t\t\t\t\t<input type=\"hidden\" name=\"queried_id\" value=\"11969\"\/>\n\t\t\t\n\t\t\t<div class=\"elementor-form-fields-wrapper elementor-labels-above\">\n\t\t\t\t\t\t\t\t<div class=\"elementor-field-type-text elementor-field-group elementor-column elementor-field-group-name elementor-col-100 elementor-field-required\">\n\t\t\t\t\t\t\t\t\t\t\t\t\t<input size=\"1\" type=\"text\" name=\"form_fields[name]\" id=\"form-field-name\" class=\"elementor-field elementor-size-sm  elementor-field-textual\" placeholder=\"Name\" required=\"required\">\n\t\t\t\t\t\t\t\t\t\t\t<\/div>\n\t\t\t\t\t\t\t\t<div class=\"elementor-field-type-text elementor-field-group elementor-column elementor-field-group-last_name elementor-col-100 elementor-field-required\">\n\t\t\t\t\t\t\t\t\t\t\t\t\t<input size=\"1\" type=\"text\" name=\"form_fields[last_name]\" id=\"form-field-last_name\" class=\"elementor-field elementor-size-sm  elementor-field-textual\" placeholder=\"Last name\" required=\"required\">\n\t\t\t\t\t\t\t\t\t\t\t<\/div>\n\t\t\t\t\t\t\t\t<div class=\"elementor-field-type-email elementor-field-group elementor-column elementor-field-group-email elementor-col-100 elementor-field-required\">\n\t\t\t\t\t\t\t\t\t\t\t\t\t<input size=\"1\" type=\"email\" name=\"form_fields[email]\" id=\"form-field-email\" class=\"elementor-field elementor-size-sm  elementor-field-textual\" placeholder=\"E-mail\" required=\"required\">\n\t\t\t\t\t\t\t\t\t\t\t<\/div>\n\t\t\t\t\t\t\t\t<div class=\"elementor-field-type-tel elementor-field-group elementor-column elementor-field-group-tel_num elementor-col-100\">\n\t\t\t\t\t\t\t<input size=\"1\" type=\"tel\" name=\"form_fields[tel_num]\" id=\"form-field-tel_num\" class=\"elementor-field elementor-size-sm  elementor-field-textual\" placeholder=\"Phone number\" pattern=\"[0-9()#&amp;+*-=.]+\" title=\"Only numbers and phone characters (#, -, *, etc) are accepted.\">\n\n\t\t\t\t\t\t<\/div>\n\t\t\t\t\t\t\t\t<div class=\"elementor-field-type-textarea elementor-field-group elementor-column elementor-field-group-message elementor-col-100\">\n\t\t\t\t\t<textarea class=\"elementor-field-textual elementor-field  elementor-size-sm\" name=\"form_fields[message]\" id=\"form-field-message\" rows=\"4\" placeholder=\"Message\"><\/textarea>\t\t\t\t<\/div>\n\t\t\t\t\t\t\t\t<div class=\"elementor-field-group elementor-column elementor-field-type-submit elementor-col-25 e-form__buttons elementor-md-30\">\n\t\t\t\t\t<button class=\"elementor-button elementor-size-sm\" type=\"submit\">\n\t\t\t\t\t\t<span class=\"elementor-button-content-wrapper\">\n\t\t\t\t\t\t\t\t\t\t\t\t\t\t\t\t\t\t\t\t\t\t<span class=\"elementor-button-text\">Send message<\/span>\n\t\t\t\t\t\t\t\t\t\t\t\t\t<\/span>\n\t\t\t\t\t<\/button>\n\t\t\t\t<\/div>\n\t\t\t<\/div>\n\t\t<\/form>\n\t\t\t\t\t\t<\/div>\n\t\t\t\t<\/div>\n\t\t\t\t<div class=\"elementor-element elementor-element-77e039a elementor-widget-mobile__width-initial elementor-widget elementor-widget-heading\" data-id=\"77e039a\" data-element_type=\"widget\" data-widget_type=\"heading.default\">\n\t\t\t\t<div class=\"elementor-widget-container\">\n\t\t\t\t\t<p class=\"elementor-heading-title elementor-size-default\">I agree with the privacy policy and that my personal data will be used to process my enquiry.<\/p>\t\t\t\t<\/div>\n\t\t\t\t<\/div>\n\t\t\t\t\t<\/div>\n\t\t\t\t<\/div>\n\t\t\t\t<\/div>\n\t\t\t\t<\/div>\n\t\t","protected":false},"excerpt":{"rendered":"<p>Basic information Kme\u010dka zadruga Kr\u0161ko, z. o. o. Rostoharjeva ul. 888270 Kr\u0161koSlovenija tel: +386 (0)7 48 82 500 fax: +386 (0)7 48 82 515 email: info@klet-krsko.si Tax number: SI35838370IBAN: SI56 0400 0027 9186 602 (OTP, d. d.) Contact details Director and oenologist Jure Grubar t: 07 48 82 506e: jure.grubar@kz-krsko.si Sales Tja\u0161a Metelko t: 07 [&hellip;]<\/p>\n","protected":false},"author":1,"featured_media":0,"parent":0,"menu_order":0,"comment_status":"closed","ping_status":"closed","template":"","meta":{"footnotes":""},"class_list":["post-11969","page","type-page","status-publish","hentry"],"_links":{"self":[{"href":"https:\/\/www.klet-krsko.si\/en\/wp-json\/wp\/v2\/pages\/11969","targetHints":{"allow":["GET"]}}],"collection":[{"href":"https:\/\/www.klet-krsko.si\/en\/wp-json\/wp\/v2\/pages"}],"about":[{"href":"https:\/\/www.klet-krsko.si\/en\/wp-json\/wp\/v2\/types\/page"}],"author":[{"embeddable":true,"href":"https:\/\/www.klet-krsko.si\/en\/wp-json\/wp\/v2\/users\/1"}],"replies":[{"embeddable":true,"href":"https:\/\/www.klet-krsko.si\/en\/wp-json\/wp\/v2\/comments?post=11969"}],"version-history":[{"count":0,"href":"https:\/\/www.klet-krsko.si\/en\/wp-json\/wp\/v2\/pages\/11969\/revisions"}],"wp:attachment":[{"href":"https:\/\/www.klet-krsko.si\/en\/wp-json\/wp\/v2\/media?parent=11969"}],"curies":[{"name":"wp","href":"https:\/\/api.w.org\/{rel}","templated":true}]}}