{"id":12954,"date":"2023-05-24T23:07:35","date_gmt":"2023-05-24T21:07:35","guid":{"rendered":"https:\/\/www.klet-krsko.si\/product\/cvicek-ptp-original-1-l\/"},"modified":"2026-02-13T09:06:21","modified_gmt":"2026-02-13T08:06:21","slug":"cvicek-ptp-original-1-l","status":"publish","type":"product","link":"https:\/\/www.klet-krsko.si\/en\/product\/cvicek-ptp-original-1-l\/","title":{"rendered":"Cvi\u010dek PTP 1 l"},"content":{"rendered":"<p>Produced with utmost care and pride for more than half a century, Cvi\u010dek ORIGINAL is an icon of Klet Kr\u0161ko. It is a wine for every occasion. Light, refreshing, low in alcohols and sugars, this is a distinctive wine.<\/p>\n","protected":false},"excerpt":{"rendered":"<p>Produced with utmost care and pride for more than half a century, Cvi\u010dek ORIGINAL is an icon of Klet Kr\u0161ko. It is a wine for every occasion. Light, refreshing, low in alcohols and sugars, this is a distinctive wine.<\/p>\n","protected":false},"featured_media":16379,"template":"","meta":[],"product_brand":[],"product_cat":[301,289,288],"product_tag":[293],"class_list":{"0":"post-12954","1":"product","2":"type-product","3":"status-publish","4":"has-post-thumbnail","6":"product_cat-cvicek-en","7":"product_cat-reds","8":"product_cat-still-wines","9":"product_tag-cvicek-en","10":"pa_grozdje-blend","11":"pa_linije-cvicek-en","12":"pa_vrsta-reds","14":"first","15":"instock","16":"purchasable","17":"product-type-simple"},"_links":{"self":[{"href":"https:\/\/www.klet-krsko.si\/en\/wp-json\/wp\/v2\/product\/12954","targetHints":{"allow":["GET"]}}],"collection":[{"href":"https:\/\/www.klet-krsko.si\/en\/wp-json\/wp\/v2\/product"}],"about":[{"href":"https:\/\/www.klet-krsko.si\/en\/wp-json\/wp\/v2\/types\/product"}],"wp:featuredmedia":[{"embeddable":true,"href":"https:\/\/www.klet-krsko.si\/en\/wp-json\/wp\/v2\/media\/16379"}],"wp:attachment":[{"href":"https:\/\/www.klet-krsko.si\/en\/wp-json\/wp\/v2\/media?parent=12954"}],"wp:term":[{"taxonomy":"product_brand","embeddable":true,"href":"https:\/\/www.klet-krsko.si\/en\/wp-json\/wp\/v2\/product_brand?post=12954"},{"taxonomy":"product_cat","embeddable":true,"href":"https:\/\/www.klet-krsko.si\/en\/wp-json\/wp\/v2\/product_cat?post=12954"},{"taxonomy":"product_tag","embeddable":true,"href":"https:\/\/www.klet-krsko.si\/en\/wp-json\/wp\/v2\/product_tag?post=12954"}],"curies":[{"name":"wp","href":"https:\/\/api.w.org\/{rel}","templated":true}]}}